{"id":1796,"date":"2022-01-05T13:00:33","date_gmt":"2022-01-05T13:00:33","guid":{"rendered":"https:\/\/mmg.cl\/?page_id=1796"},"modified":"2022-01-05T15:38:05","modified_gmt":"2022-01-05T15:38:05","slug":"que-ofrecemos","status":"publish","type":"page","link":"https:\/\/mmg.cl\/?page_id=1796","title":{"rendered":"Que Ofrecemos"},"content":{"rendered":"<p><strong id=\"decisiones\">Asesoramos en la toma de decisiones<\/strong><\/p>\n<p>Generamos alternativas que te ayuden a impulsar el crecimiento financiero dentro de tu organizaci\u00f3n. Para ello, realizamos un plan de evaluaci\u00f3n y diagn\u00f3stico previo para formular alternativas que impulsen a tu PYME.<\/p>\n<p><strong id=\"contabilidad\">Asistencia en gestiones de contabilidad<\/strong><\/p>\n<p>Te ofrecemos asesores contables que poseen conocimiento y soluciones para cada sector. Para ello, brindamos asistencia en la elaboraci\u00f3n de los libros de contabilidad los cuales son herramientas esenciales para llevar la fiscalidad y planificaci\u00f3n empresarial.<\/p>\n<p><strong id=\"industria\">Capacitaci\u00f3n y atenci\u00f3n a la medida de tu industria<\/strong><\/p>\n<p>En MMgroup nos encargamos de brindarle la formaci\u00f3n pertinente a los empleados encargados del proceso contable, tributario y legal con el fin de obtener efectividad en cada gesti\u00f3n de la PYME.<\/p>\n<p><strong id=\"financieros\">Elaboramos los estados financieros<\/strong> <\/p>\n<p>\u00bfEst\u00e1s al d\u00eda con el estatus financiero de tu empresa? Te asesoramos en los pagos, compras o procesamiento en finanzas que se realicen dentro de tu empresa.<\/p>\n<p><strong id=\"juridicos\">Orientamos en gestiones legales y procesos jur\u00eddicos<\/strong> <\/p>\n<p>Cada empresa se adecua a lineamientos legales. Por tanto, el procedimiento y tr\u00e1mites jur\u00eddicos ser\u00e1n variables y acorde a la solicitud de la empresa peque\u00f1a y mediana.<\/p>\n<p><strong id=\"impuestos\">Presentamos tus impuestos<\/strong> <\/p>\n<p>\u00bfQu\u00e9 tipo de empresa posees?\u00bfCon qu\u00e9 regularidad cancelas impuestos? En MMGroup te brindamos las pautas para mantener a la compa\u00f1\u00eda al d\u00eda con la declaraci\u00f3n de impuesto.<\/p>\n","protected":false},"excerpt":{"rendered":"<p>Asesoramos en la toma de decisiones Generamos alternativas que te ayuden a impulsar el crecimiento financiero dentro de tu organizaci\u00f3n. Para ello, realizamos un plan de evaluaci\u00f3n y diagn\u00f3stico previo &#8230;<\/p>\n","protected":false},"author":1,"featured_media":0,"parent":0,"menu_order":0,"comment_status":"closed","ping_status":"closed","template":"","meta":{"footnotes":""},"class_list":["post-1796","page","type-page","status-publish","hentry"],"_links":{"self":[{"href":"https:\/\/mmg.cl\/index.php?rest_route=\/wp\/v2\/pages\/1796","targetHints":{"allow":["GET"]}}],"collection":[{"href":"https:\/\/mmg.cl\/index.php?rest_route=\/wp\/v2\/pages"}],"about":[{"href":"https:\/\/mmg.cl\/index.php?rest_route=\/wp\/v2\/types\/page"}],"author":[{"embeddable":true,"href":"https:\/\/mmg.cl\/index.php?rest_route=\/wp\/v2\/users\/1"}],"replies":[{"embeddable":true,"href":"https:\/\/mmg.cl\/index.php?rest_route=%2Fwp%2Fv2%2Fcomments&post=1796"}],"version-history":[{"count":4,"href":"https:\/\/mmg.cl\/index.php?rest_route=\/wp\/v2\/pages\/1796\/revisions"}],"predecessor-version":[{"id":1840,"href":"https:\/\/mmg.cl\/index.php?rest_route=\/wp\/v2\/pages\/1796\/revisions\/1840"}],"wp:attachment":[{"href":"https:\/\/mmg.cl\/index.php?rest_route=%2Fwp%2Fv2%2Fmedia&parent=1796"}],"curies":[{"name":"wp","href":"https:\/\/api.w.org\/{rel}","templated":true}]}}